{"id":36716766241,"date":"2024-11-21T12:41:04","date_gmt":"2024-11-21T10:41:04","guid":{"rendered":"https:\/\/matkatarjous.com\/?page_id=36716766241"},"modified":"2024-11-21T12:41:04","modified_gmt":"2024-11-21T10:41:04","slug":"black-week-matkatarjoukset","status":"publish","type":"page","link":"https:\/\/matkatarjous.com\/?page_id=36716766241","title":{"rendered":"Black week matkatarjoukset"},"content":{"rendered":"\t\t<div data-elementor-type=\"wp-page\" data-elementor-id=\"36716766241\" class=\"elementor elementor-36716766241\">\n\t\t\t\t<div class=\"elementor-element elementor-element-9ccfb16 e-flex e-con-boxed e-con e-parent\" data-id=\"9ccfb16\" data-element_type=\"container\" data-e-type=\"container\">\n\t\t\t\t\t<div class=\"e-con-inner\">\n\t\t\t\t<div class=\"elementor-element elementor-element-2968dae elementor-widget elementor-widget-heading\" data-id=\"2968dae\" data-element_type=\"widget\" data-e-type=\"widget\" data-widget_type=\"heading.default\">\n\t\t\t\t\t<h1 class=\"elementor-heading-title elementor-size-default\">Black Week matkatarjoukset<\/h1>\t\t\t\t<\/div>\n\t\t\t\t\t<\/div>\n\t\t\t\t<\/div>\n\t\t<div class=\"elementor-element elementor-element-98c8621 e-flex e-con-boxed e-con e-parent\" data-id=\"98c8621\" data-element_type=\"container\" data-e-type=\"container\">\n\t\t\t\t\t<div class=\"e-con-inner\">\n\t\t\t\t<div class=\"elementor-element elementor-element-23c8029 elementor-widget elementor-widget-text-editor\" data-id=\"23c8029\" data-element_type=\"widget\" data-e-type=\"widget\" data-widget_type=\"text-editor.default\">\n\t\t\t\t\t\t\t\t\t<p>Black week ja Black Friday tarjoavat my\u00f6s edullisia matkoja. T\u00e4ss\u00e4 muutama poiminta matkatarjouksista.<\/p>\t\t\t\t\t\t\t\t<\/div>\n\t\t\t\t\t<\/div>\n\t\t\t\t<\/div>\n\t\t<div class=\"elementor-element elementor-element-99bcca9 e-flex e-con-boxed e-con e-parent\" data-id=\"99bcca9\" data-element_type=\"container\" data-e-type=\"container\">\n\t\t\t\t\t<div class=\"e-con-inner\">\n\t\t\t\t<div class=\"elementor-element elementor-element-6a1c323 elementor-widget elementor-widget-text-editor\" data-id=\"6a1c323\" data-element_type=\"widget\" data-e-type=\"widget\" data-widget_type=\"text-editor.default\">\n\t\t\t\t\t\t\t\t\t<h2><span style=\"text-decoration: underline;\"><a title=\"Matkapojat - Black Friday 25.11.-2.12.2024\" href=\"https:\/\/matkatarjous.com\/go\/matkapojat-black-friday-25-11-2-12-2024\/\">Matkapojat &#8211; Black Friday 25.11.-2.12.2024<\/a><\/span><\/h2>\t\t\t\t\t\t\t\t<\/div>\n\t\t\t\t\t<\/div>\n\t\t\t\t<\/div>\n\t\t<div class=\"elementor-element elementor-element-13b50b7 e-flex e-con-boxed e-con e-parent\" data-id=\"13b50b7\" data-element_type=\"container\" data-e-type=\"container\">\n\t\t\t\t\t<div class=\"e-con-inner\">\n\t\t\t\t<div class=\"elementor-element elementor-element-a074c2e elementor-widget elementor-widget-image\" data-id=\"a074c2e\" data-element_type=\"widget\" data-e-type=\"widget\" data-widget_type=\"image.default\">\n\t\t\t\t\t\t\t\t\t\t\t\t\t\t\t\t<a href=\"https:\/\/www.booking.com\/index.html?aid=7980132\" rel=\"nofollow noopener\" target=\"_blank\">\n\t\t\t\t\t\t\t<img decoding=\"async\" src=\"https:\/\/matkatarjous.com\/wp-content\/uploads\/2024\/11\/Booking-BlackFriday.jpg\" title=\"\" alt=\"\" loading=\"lazy\">\t\t\t\t\t\t\t\t<\/a>\n\t\t\t\t\t\t\t\t\t\t\t\t\t\t\t<\/div>\n\t\t\t\t\t<\/div>\n\t\t\t\t<\/div>\n\t\t\t\t<\/div>\n\t\t","protected":false},"excerpt":{"rendered":"<p>Black Week matkatarjoukset Black week ja Black Friday tarjoavat my\u00f6s edullisia matkoja. T\u00e4ss\u00e4 muutama poiminta matkatarjouksista. Matkapojat &#8211; Black Friday [&hellip;]<\/p>\n","protected":false},"author":1,"featured_media":0,"parent":0,"menu_order":0,"comment_status":"closed","ping_status":"closed","template":"","meta":{"site-sidebar-layout":"no-sidebar","site-content-layout":"","ast-site-content-layout":"full-width-container","site-content-style":"default","site-sidebar-style":"default","ast-global-header-display":"","ast-banner-title-visibility":"","ast-main-header-display":"","ast-hfb-above-header-display":"","ast-hfb-below-header-display":"","ast-hfb-mobile-header-display":"","site-post-title":"disabled","ast-breadcrumbs-content":"","ast-featured-img":"disabled","footer-sml-layout":"","ast-disable-related-posts":"","theme-transparent-header-meta":"","adv-header-id-meta":"","stick-header-meta":"","header-above-stick-meta":"","header-main-stick-meta":"","header-below-stick-meta":"","astra-migrate-meta-layouts":"default","ast-page-background-enabled":"default","ast-page-background-meta":{"desktop":{"background-color":"var(--ast-global-color-5)","background-image":"","background-repeat":"repeat","background-position":"center center","background-size":"auto","background-attachment":"scroll","background-type":"","background-media":"","overlay-type":"","overlay-color":"","overlay-opacity":"","overlay-gradient":""},"tablet":{"background-color":"","background-image":"","background-repeat":"repeat","background-position":"center center","background-size":"auto","background-attachment":"scroll","background-type":"","background-media":"","overlay-type":"","overlay-color":"","overlay-opacity":"","overlay-gradient":""},"mobile":{"background-color":"","background-image":"","background-repeat":"repeat","background-position":"center center","background-size":"auto","background-attachment":"scroll","background-type":"","background-media":"","overlay-type":"","overlay-color":"","overlay-opacity":"","overlay-gradient":""}},"ast-content-background-meta":{"desktop":{"background-color":"var(--ast-global-color-4)","background-image":"","background-repeat":"repeat","background-position":"center center","background-size":"auto","background-attachment":"scroll","background-type":"","background-media":"","overlay-type":"","overlay-color":"","overlay-opacity":"","overlay-gradient":""},"tablet":{"background-color":"var(--ast-global-color-4)","background-image":"","background-repeat":"repeat","background-position":"center center","background-size":"auto","background-attachment":"scroll","background-type":"","background-media":"","overlay-type":"","overlay-color":"","overlay-opacity":"","overlay-gradient":""},"mobile":{"background-color":"var(--ast-global-color-4)","background-image":"","background-repeat":"repeat","background-position":"center center","background-size":"auto","background-attachment":"scroll","background-type":"","background-media":"","overlay-type":"","overlay-color":"","overlay-opacity":"","overlay-gradient":""}},"footnotes":""},"class_list":["post-36716766241","page","type-page","status-publish","hentry"],"_links":{"self":[{"href":"https:\/\/matkatarjous.com\/index.php?rest_route=\/wp\/v2\/pages\/36716766241","targetHints":{"allow":["GET"]}}],"collection":[{"href":"https:\/\/matkatarjous.com\/index.php?rest_route=\/wp\/v2\/pages"}],"about":[{"href":"https:\/\/matkatarjous.com\/index.php?rest_route=\/wp\/v2\/types\/page"}],"author":[{"embeddable":true,"href":"https:\/\/matkatarjous.com\/index.php?rest_route=\/wp\/v2\/users\/1"}],"replies":[{"embeddable":true,"href":"https:\/\/matkatarjous.com\/index.php?rest_route=%2Fwp%2Fv2%2Fcomments&post=36716766241"}],"version-history":[{"count":0,"href":"https:\/\/matkatarjous.com\/index.php?rest_route=\/wp\/v2\/pages\/36716766241\/revisions"}],"wp:attachment":[{"href":"https:\/\/matkatarjous.com\/index.php?rest_route=%2Fwp%2Fv2%2Fmedia&parent=36716766241"}],"curies":[{"name":"wp","href":"https:\/\/api.w.org\/{rel}","templated":true}]}}