{"id":36716766281,"date":"2025-01-13T10:09:28","date_gmt":"2025-01-13T08:09:28","guid":{"rendered":"https:\/\/matkatarjous.com\/?page_id=36716766281"},"modified":"2025-01-13T10:09:28","modified_gmt":"2025-01-13T08:09:28","slug":"matkamessutarjoukset-netista","status":"publish","type":"page","link":"https:\/\/matkatarjous.com\/?page_id=36716766281","title":{"rendered":"Matkamessutarjoukset netist\u00e4"},"content":{"rendered":"\t\t<div data-elementor-type=\"wp-page\" data-elementor-id=\"36716766281\" class=\"elementor elementor-36716766281\">\n\t\t\t\t<div class=\"elementor-element elementor-element-79c67e2 e-flex e-con-boxed e-con e-parent\" data-id=\"79c67e2\" data-element_type=\"container\" data-e-type=\"container\">\n\t\t\t\t\t<div class=\"e-con-inner\">\n\t\t\t\t<div class=\"elementor-element elementor-element-ab0ee52 elementor-widget elementor-widget-heading\" data-id=\"ab0ee52\" data-element_type=\"widget\" data-e-type=\"widget\" data-widget_type=\"heading.default\">\n\t\t\t\t\t<h1 class=\"elementor-heading-title elementor-size-default\">Matkamessutarjouksia<\/h1>\t\t\t\t<\/div>\n\t\t\t\t<div class=\"elementor-element elementor-element-b9f9873 elementor-widget elementor-widget-text-editor\" data-id=\"b9f9873\" data-element_type=\"widget\" data-e-type=\"widget\" data-widget_type=\"text-editor.default\">\n\t\t\t\t\t\t\t\t\t<p><strong>On taas aika matkamessujen, jotka ovat siis Helsingin messukeskuksessa 17.1. &#8211; 19.1. 2025. Matkamessujen tarjouksia l\u00f6ytyy my\u00f6s netist\u00e4, mik\u00e4li et paikalle p\u00e4\u00e4se. T\u00e4ss\u00e4 poimintoja matkanj\u00e4rjest\u00e4jien tarjouksista.<\/strong><\/p><p>\u00a0<\/p>\t\t\t\t\t\t\t\t<\/div>\n\t\t\t\t\t<\/div>\n\t\t\t\t<\/div>\n\t\t<div class=\"elementor-element elementor-element-70ea4db e-flex e-con-boxed e-con e-parent\" data-id=\"70ea4db\" data-element_type=\"container\" data-e-type=\"container\">\n\t\t\t\t\t<div class=\"e-con-inner\">\n\t\t\t\t<div class=\"elementor-element elementor-element-7c1c87a elementor-widget elementor-widget-html\" data-id=\"7c1c87a\" data-element_type=\"widget\" data-e-type=\"widget\" data-widget_type=\"html.default\">\n\t\t\t\t\t<center><a href=\"https:\/\/do.matkapojat.fi\/t\/t?a=1942332868&amp;as=1162598615&amp;t=2&amp;tk=1\" rel=\"nofollow noopener\" target=\"_blank\"><img fetchpriority=\"high\" decoding=\"async\" src=\"https:\/\/track.adtraction.com\/t\/t?a=1942332868&amp;as=1162598615&amp;t=1&amp;tk=1&amp;i=1\" width=\"768\" height=\"350\" border=\"0\" alt=\"\"><\/a><\/center>\t\t\t\t<\/div>\n\t\t\t\t\t<\/div>\n\t\t\t\t<\/div>\n\t\t<div class=\"elementor-element elementor-element-2654ad0 e-flex e-con-boxed e-con e-parent\" data-id=\"2654ad0\" data-element_type=\"container\" data-e-type=\"container\">\n\t\t\t\t\t<div class=\"e-con-inner\">\n\t\t\t\t<div class=\"elementor-element elementor-element-bfb7097 elementor-widget elementor-widget-text-editor\" data-id=\"bfb7097\" data-element_type=\"widget\" data-e-type=\"widget\" data-widget_type=\"text-editor.default\">\n\t\t\t\t\t\t\t\t\t<p>Matkapoikien mahtavat matkamessutarjoukset ovat t\u00e4\u00e4ll\u00e4 taas! Matkapojista l\u00f6yd\u00e4t niin rantalomat, el\u00e4mysristeilyt ja kiertomatkat kuin my\u00f6s kaupunkilomat sek\u00e4 risteilyt huippuedulliseen messuhintaan! Ole valppaana ja nappaa parhaat tarjoukset ensimm\u00e4isten joukossa. Tarjoushintaisia paikkoja on rajoitetusti.<\/p><ul><li>ALENNUKSET JOPA -100 \u20ac\/hl\u00f6<\/li><li>Tarjoukset ovat voimassa 13.-26.1.2025<\/li><li>Ei palvelumaksua messutarjousvarauksista<\/li><\/ul><div><a href=\"https:\/\/www.matkapojat.fi\/matkamessut\" rel=\"nofollow noopener\" target=\"_blank\"><span style=\"text-decoration: underline;\"><strong>Klikkaa t\u00e4st\u00e4 ja tutustu Matkapoikien matkakohteisiin &gt;&gt;<\/strong><\/span><\/a><\/div>\t\t\t\t\t\t\t\t<\/div>\n\t\t\t\t\t<\/div>\n\t\t\t\t<\/div>\n\t\t\t\t<\/div>\n\t\t","protected":false},"excerpt":{"rendered":"<p>Matkamessutarjouksia On taas aika matkamessujen, jotka ovat siis Helsingin messukeskuksessa 17.1. &#8211; 19.1. 2025. Matkamessujen tarjouksia l\u00f6ytyy my\u00f6s netist\u00e4, mik\u00e4li [&hellip;]<\/p>\n","protected":false},"author":1,"featured_media":0,"parent":0,"menu_order":0,"comment_status":"closed","ping_status":"closed","template":"","meta":{"site-sidebar-layout":"no-sidebar","site-content-layout":"","ast-site-content-layout":"full-width-container","site-content-style":"default","site-sidebar-style":"default","ast-global-header-display":"","ast-banner-title-visibility":"","ast-main-header-display":"","ast-hfb-above-header-display":"","ast-hfb-below-header-display":"","ast-hfb-mobile-header-display":"","site-post-title":"disabled","ast-breadcrumbs-content":"","ast-featured-img":"disabled","footer-sml-layout":"","ast-disable-related-posts":"","theme-transparent-header-meta":"","adv-header-id-meta":"","stick-header-meta":"","header-above-stick-meta":"","header-main-stick-meta":"","header-below-stick-meta":"","astra-migrate-meta-layouts":"default","ast-page-background-enabled":"default","ast-page-background-meta":{"desktop":{"background-color":"var(--ast-global-color-5)","background-image":"","background-repeat":"repeat","background-position":"center center","background-size":"auto","background-attachment":"scroll","background-type":"","background-media":"","overlay-type":"","overlay-color":"","overlay-opacity":"","overlay-gradient":""},"tablet":{"background-color":"","background-image":"","background-repeat":"repeat","background-position":"center center","background-size":"auto","background-attachment":"scroll","background-type":"","background-media":"","overlay-type":"","overlay-color":"","overlay-opacity":"","overlay-gradient":""},"mobile":{"background-color":"","background-image":"","background-repeat":"repeat","background-position":"center center","background-size":"auto","background-attachment":"scroll","background-type":"","background-media":"","overlay-type":"","overlay-color":"","overlay-opacity":"","overlay-gradient":""}},"ast-content-background-meta":{"desktop":{"background-color":"var(--ast-global-color-4)","background-image":"","background-repeat":"repeat","background-position":"center center","background-size":"auto","background-attachment":"scroll","background-type":"","background-media":"","overlay-type":"","overlay-color":"","overlay-opacity":"","overlay-gradient":""},"tablet":{"background-color":"var(--ast-global-color-4)","background-image":"","background-repeat":"repeat","background-position":"center center","background-size":"auto","background-attachment":"scroll","background-type":"","background-media":"","overlay-type":"","overlay-color":"","overlay-opacity":"","overlay-gradient":""},"mobile":{"background-color":"var(--ast-global-color-4)","background-image":"","background-repeat":"repeat","background-position":"center center","background-size":"auto","background-attachment":"scroll","background-type":"","background-media":"","overlay-type":"","overlay-color":"","overlay-opacity":"","overlay-gradient":""}},"footnotes":""},"class_list":["post-36716766281","page","type-page","status-publish","hentry"],"_links":{"self":[{"href":"https:\/\/matkatarjous.com\/index.php?rest_route=\/wp\/v2\/pages\/36716766281","targetHints":{"allow":["GET"]}}],"collection":[{"href":"https:\/\/matkatarjous.com\/index.php?rest_route=\/wp\/v2\/pages"}],"about":[{"href":"https:\/\/matkatarjous.com\/index.php?rest_route=\/wp\/v2\/types\/page"}],"author":[{"embeddable":true,"href":"https:\/\/matkatarjous.com\/index.php?rest_route=\/wp\/v2\/users\/1"}],"replies":[{"embeddable":true,"href":"https:\/\/matkatarjous.com\/index.php?rest_route=%2Fwp%2Fv2%2Fcomments&post=36716766281"}],"version-history":[{"count":0,"href":"https:\/\/matkatarjous.com\/index.php?rest_route=\/wp\/v2\/pages\/36716766281\/revisions"}],"wp:attachment":[{"href":"https:\/\/matkatarjous.com\/index.php?rest_route=%2Fwp%2Fv2%2Fmedia&parent=36716766281"}],"curies":[{"name":"wp","href":"https:\/\/api.w.org\/{rel}","templated":true}]}}