{"id":36716766289,"date":"2025-01-24T07:34:01","date_gmt":"2025-01-24T05:34:01","guid":{"rendered":"https:\/\/matkatarjous.com\/?page_id=36716766289"},"modified":"2025-01-24T07:34:01","modified_gmt":"2025-01-24T05:34:01","slug":"ikaalisten-kylpyla","status":"publish","type":"page","link":"https:\/\/matkatarjous.com\/?page_id=36716766289","title":{"rendered":"Ikaalisten Kylpyl\u00e4"},"content":{"rendered":"\t\t<div data-elementor-type=\"wp-page\" data-elementor-id=\"36716766289\" class=\"elementor elementor-36716766289\">\n\t\t\t\t<div class=\"elementor-element elementor-element-3c29478 e-flex e-con-boxed e-con e-parent\" data-id=\"3c29478\" data-element_type=\"container\" data-e-type=\"container\">\n\t\t\t\t\t<div class=\"e-con-inner\">\n\t\t\t\t<div class=\"elementor-element elementor-element-94f0e94 elementor-widget elementor-widget-heading\" data-id=\"94f0e94\" data-element_type=\"widget\" data-e-type=\"widget\" data-widget_type=\"heading.default\">\n\t\t\t\t\t<h1 class=\"elementor-heading-title elementor-size-default\">Kotimaisen tropiikin l\u00e4mp\u00f6\u00f6n Ikaalinen Spa &amp; Resortille!<\/h1>\t\t\t\t<\/div>\n\t\t\t\t\t<\/div>\n\t\t\t\t<\/div>\n\t\t<div class=\"elementor-element elementor-element-8a7691e e-flex e-con-boxed e-con e-parent\" data-id=\"8a7691e\" data-element_type=\"container\" data-e-type=\"container\">\n\t\t\t\t\t<div class=\"e-con-inner\">\n\t\t<div class=\"elementor-element elementor-element-0a579c9 e-con-full e-flex e-con e-child\" data-id=\"0a579c9\" data-element_type=\"container\" data-e-type=\"container\">\n\t\t\t\t<div class=\"elementor-element elementor-element-b1f24fe elementor-widget elementor-widget-image\" data-id=\"b1f24fe\" data-element_type=\"widget\" data-e-type=\"widget\" data-widget_type=\"image.default\">\n\t\t\t\t\t\t\t\t\t\t\t\t\t\t\t<img decoding=\"async\" src=\"https:\/\/matkatarjous.com\/wp-content\/uploads\/2025\/01\/ikaalisten-kylpyla.webp\" title=\"\" alt=\"Ikaalisten Kylpyl\u00e4\" loading=\"lazy\" \/>\t\t\t\t\t\t\t\t\t\t\t\t\t\t\t<\/div>\n\t\t\t\t<\/div>\n\t\t<div class=\"elementor-element elementor-element-0c4ee31 e-con-full e-flex e-con e-child\" data-id=\"0c4ee31\" data-element_type=\"container\" data-e-type=\"container\">\n\t\t\t\t<div class=\"elementor-element elementor-element-44f8242 elementor-widget elementor-widget-text-editor\" data-id=\"44f8242\" data-element_type=\"widget\" data-e-type=\"widget\" data-widget_type=\"text-editor.default\">\n\t\t\t\t\t\t\t\t\t<p>Uudistunut Ikaalinen Spa &amp; Resort on Suomen monipuolisin kylpyl\u00e4hotelli, josta l\u00f6ytyy kylpyl\u00e4hotellin ja ravintoloiden lis\u00e4ksi vuoden ymp\u00e4ri aktiviteetteja sek\u00e4 tapahtumakalenteri t\u00e4ynn\u00e4 keikkoja ja tansseja.\u00a0<\/p><p>Monille suomalaisille Ikaalisten Kylpyl\u00e4 on varmasti tuttu, ja sen lopettaessa toimintansa paikalliset yritt\u00e4j\u00e4t eiv\u00e4t halunneet n\u00e4hd\u00e4 toiminnan loppuvan. Syntyi siis ajatus ottaa ohjat omiin k\u00e4siin, ja yksityisen\u00e4 paikallisena toimijana syntyi Ikaalinen Spa &amp; Resort!<\/p><p>Koko alueen uudistaminen on kunnianhimoinen ja monivuotinen projekti, vuonna 2021 aloitettiin yleisten tilojen uusiminen, ja kahden ensimm\u00e4isen toimintavuoden aikana on tehty lis\u00e4ksi mm. terassin laajennus, rakennettu upeat lasisviitit Lakeside Suitet, ravintola Kyr\u00f6ksen uudistus sek\u00e4 paljon muuta.<br \/>Tavoitteena on jatkaa perinteikk\u00e4\u00e4n alueen uudistamista ja upeiden tapahtumien tuottamista Ikaalisissa.<\/p>\t\t\t\t\t\t\t\t<\/div>\n\t\t\t\t<\/div>\n\t\t\t\t\t<\/div>\n\t\t\t\t<\/div>\n\t\t<div class=\"elementor-element elementor-element-2e2ffd5 e-flex e-con-boxed e-con e-parent\" data-id=\"2e2ffd5\" data-element_type=\"container\" data-e-type=\"container\">\n\t\t\t\t\t<div class=\"e-con-inner\">\n\t\t\t\t<div class=\"elementor-element elementor-element-baa81d5 elementor-widget elementor-widget-text-editor\" data-id=\"baa81d5\" data-element_type=\"widget\" data-e-type=\"widget\" data-widget_type=\"text-editor.default\">\n\t\t\t\t\t\t\t\t\t<h3><strong><span style=\"text-decoration: underline;\"><em><a href=\"https:\/\/ikaalinenspa.fi\/\" rel=\"nofollow noopener\" target=\"_blank\">Lue lis\u00e4\u00e4 ja varaa kylpyl\u00e4loma Ikaalisiin t\u00e4\u00e4lt\u00e4!*<\/a><\/em><\/span><\/strong><\/h3>\t\t\t\t\t\t\t\t<\/div>\n\t\t\t\t\t<\/div>\n\t\t\t\t<\/div>\n\t\t<div class=\"elementor-element elementor-element-e62e30a e-flex e-con-boxed e-con e-parent\" data-id=\"e62e30a\" data-element_type=\"container\" data-e-type=\"container\">\n\t\t\t\t\t<div class=\"e-con-inner\">\n\t\t\t\t<div class=\"elementor-element elementor-element-4cad0fe elementor-widget elementor-widget-html\" data-id=\"4cad0fe\" data-element_type=\"widget\" data-e-type=\"widget\" data-widget_type=\"html.default\">\n\t\t\t\t\t<center><a href=\"https:\/\/to.ikaalinenspa.fi\/t\/t?a=1947344905&amp;as=1083883097&amp;t=2&amp;tk=1\" rel=\"nofollow noopener\" target=\"_blank\"><img fetchpriority=\"high\" decoding=\"async\" src=\"https:\/\/track.adtraction.com\/t\/t?a=1947344905&amp;as=1083883097&amp;t=1&amp;tk=1&amp;i=1\" width=\"728\" height=\"90\" border=\"0\" alt=\"\"><\/a><\/center>\t\t\t\t<\/div>\n\t\t\t\t\t<\/div>\n\t\t\t\t<\/div>\n\t\t<div class=\"elementor-element elementor-element-5bd6bbd e-flex e-con-boxed e-con e-parent\" data-id=\"5bd6bbd\" data-element_type=\"container\" data-e-type=\"container\">\n\t\t\t\t\t<div class=\"e-con-inner\">\n\t\t\t\t<div class=\"elementor-element elementor-element-2bbb274 elementor-widget elementor-widget-text-editor\" data-id=\"2bbb274\" data-element_type=\"widget\" data-e-type=\"widget\" data-widget_type=\"text-editor.default\">\n\t\t\t\t\t\t\t\t\t<small>*Mainoslinkki<\/small>\t\t\t\t\t\t\t\t<\/div>\n\t\t\t\t\t<\/div>\n\t\t\t\t<\/div>\n\t\t\t\t<\/div>\n\t\t","protected":false},"excerpt":{"rendered":"<p>Kotimaisen tropiikin l\u00e4mp\u00f6\u00f6n Ikaalinen Spa &amp; Resortille! Uudistunut Ikaalinen Spa &amp; Resort on Suomen monipuolisin kylpyl\u00e4hotelli, josta l\u00f6ytyy kylpyl\u00e4hotellin ja [&hellip;]<\/p>\n","protected":false},"author":1,"featured_media":0,"parent":0,"menu_order":0,"comment_status":"closed","ping_status":"closed","template":"","meta":{"site-sidebar-layout":"no-sidebar","site-content-layout":"","ast-site-content-layout":"full-width-container","site-content-style":"default","site-sidebar-style":"default","ast-global-header-display":"","ast-banner-title-visibility":"","ast-main-header-display":"","ast-hfb-above-header-display":"","ast-hfb-below-header-display":"","ast-hfb-mobile-header-display":"","site-post-title":"disabled","ast-breadcrumbs-content":"","ast-featured-img":"disabled","footer-sml-layout":"","ast-disable-related-posts":"","theme-transparent-header-meta":"","adv-header-id-meta":"","stick-header-meta":"","header-above-stick-meta":"","header-main-stick-meta":"","header-below-stick-meta":"","astra-migrate-meta-layouts":"default","ast-page-background-enabled":"default","ast-page-background-meta":{"desktop":{"background-color":"var(--ast-global-color-4)","background-image":"","background-repeat":"repeat","background-position":"center center","background-size":"auto","background-attachment":"scroll","background-type":"","background-media":"","overlay-type":"","overlay-color":"","overlay-opacity":"","overlay-gradient":""},"tablet":{"background-color":"","background-image":"","background-repeat":"repeat","background-position":"center center","background-size":"auto","background-attachment":"scroll","background-type":"","background-media":"","overlay-type":"","overlay-color":"","overlay-opacity":"","overlay-gradient":""},"mobile":{"background-color":"","background-image":"","background-repeat":"repeat","background-position":"center center","background-size":"auto","background-attachment":"scroll","background-type":"","background-media":"","overlay-type":"","overlay-color":"","overlay-opacity":"","overlay-gradient":""}},"ast-content-background-meta":{"desktop":{"background-color":"var(--ast-global-color-5)","background-image":"","background-repeat":"repeat","background-position":"center center","background-size":"auto","background-attachment":"scroll","background-type":"","background-media":"","overlay-type":"","overlay-color":"","overlay-opacity":"","overlay-gradient":""},"tablet":{"background-color":"var(--ast-global-color-5)","background-image":"","background-repeat":"repeat","background-position":"center center","background-size":"auto","background-attachment":"scroll","background-type":"","background-media":"","overlay-type":"","overlay-color":"","overlay-opacity":"","overlay-gradient":""},"mobile":{"background-color":"var(--ast-global-color-5)","background-image":"","background-repeat":"repeat","background-position":"center center","background-size":"auto","background-attachment":"scroll","background-type":"","background-media":"","overlay-type":"","overlay-color":"","overlay-opacity":"","overlay-gradient":""}},"footnotes":""},"class_list":["post-36716766289","page","type-page","status-publish","hentry"],"_links":{"self":[{"href":"https:\/\/matkatarjous.com\/index.php?rest_route=\/wp\/v2\/pages\/36716766289","targetHints":{"allow":["GET"]}}],"collection":[{"href":"https:\/\/matkatarjous.com\/index.php?rest_route=\/wp\/v2\/pages"}],"about":[{"href":"https:\/\/matkatarjous.com\/index.php?rest_route=\/wp\/v2\/types\/page"}],"author":[{"embeddable":true,"href":"https:\/\/matkatarjous.com\/index.php?rest_route=\/wp\/v2\/users\/1"}],"replies":[{"embeddable":true,"href":"https:\/\/matkatarjous.com\/index.php?rest_route=%2Fwp%2Fv2%2Fcomments&post=36716766289"}],"version-history":[{"count":0,"href":"https:\/\/matkatarjous.com\/index.php?rest_route=\/wp\/v2\/pages\/36716766289\/revisions"}],"wp:attachment":[{"href":"https:\/\/matkatarjous.com\/index.php?rest_route=%2Fwp%2Fv2%2Fmedia&parent=36716766289"}],"curies":[{"name":"wp","href":"https:\/\/api.w.org\/{rel}","templated":true}]}}