{"id":36716806029,"date":"2025-12-15T10:46:27","date_gmt":"2025-12-15T08:46:27","guid":{"rendered":"https:\/\/matkatarjous.com\/?page_id=36716806029"},"modified":"2025-12-15T10:46:27","modified_gmt":"2025-12-15T08:46:27","slug":"tietoa","status":"publish","type":"page","link":"https:\/\/matkatarjous.com\/?page_id=36716806029","title":{"rendered":"Tietoa"},"content":{"rendered":"\t\t<div data-elementor-type=\"wp-page\" data-elementor-id=\"36716806029\" class=\"elementor elementor-36716806029\">\n\t\t\t\t<div class=\"elementor-element elementor-element-fc57259 e-flex e-con-boxed e-con e-parent\" data-id=\"fc57259\" data-element_type=\"container\" data-e-type=\"container\">\n\t\t\t\t\t<div class=\"e-con-inner\">\n\t\t\t\t<div class=\"elementor-element elementor-element-13dab33 elementor-widget elementor-widget-heading\" data-id=\"13dab33\" data-element_type=\"widget\" data-e-type=\"widget\" data-widget_type=\"heading.default\">\n\t\t\t\t\t<h2 class=\"elementor-heading-title elementor-size-default\">Tietoa sivustosta<\/h2>\t\t\t\t<\/div>\n\t\t\t\t<div class=\"elementor-element elementor-element-23433ec elementor-widget elementor-widget-text-editor\" data-id=\"23433ec\" data-element_type=\"widget\" data-e-type=\"widget\" data-widget_type=\"text-editor.default\">\n\t\t\t\t\t\t\t\t\t<p>Sivusto esittelee matkailualan toimijoita ja heid\u00e4n palvelujaan. Sivuston kautta p\u00e4\u00e4set varaamaan hotelleja, lentoja, m\u00f6kkej\u00e4 jne. eri palveluntarjoajien kautta. Linkit ovat mainoslinkkej\u00e4 kyseisille sivustoille, joista ostaminen ja varaaminen tapahtuu. Vaikka sivustoa p\u00e4ivitet\u00e4\u00e4n s\u00e4\u00e4nn\u00f6llisesti, silti osa kohteista on voinut poistua palveluntarjoajan valikoimista.\u00a0<\/p>\t\t\t\t\t\t\t\t<\/div>\n\t\t\t\t\t<\/div>\n\t\t\t\t<\/div>\n\t\t<div class=\"elementor-element elementor-element-f7d1ec7 e-flex e-con-boxed e-con e-parent\" data-id=\"f7d1ec7\" data-element_type=\"container\" data-e-type=\"container\">\n\t\t\t\t\t<div class=\"e-con-inner\">\n\t\t\t\t<div class=\"elementor-element elementor-element-55e1ef3 elementor-widget elementor-widget-text-editor\" data-id=\"55e1ef3\" data-element_type=\"widget\" data-e-type=\"widget\" data-widget_type=\"text-editor.default\">\n\t\t\t\t\t\t\t\t\t<small>Yritystiedot: Otter Networks (y-tunnus 1850209-2)<br>\ninfo(at)otternetworks.fi\n<\/small>\t\t\t\t\t\t\t\t<\/div>\n\t\t\t\t\t<\/div>\n\t\t\t\t<\/div>\n\t\t\t\t<\/div>\n\t\t","protected":false},"excerpt":{"rendered":"<p>Tietoa sivustosta Sivusto esittelee matkailualan toimijoita ja heid\u00e4n palvelujaan. Sivuston kautta p\u00e4\u00e4set varaamaan hotelleja, lentoja, m\u00f6kkej\u00e4 jne. eri palveluntarjoajien kautta. [&hellip;]<\/p>\n","protected":false},"author":1,"featured_media":0,"parent":0,"menu_order":0,"comment_status":"closed","ping_status":"closed","template":"","meta":{"site-sidebar-layout":"no-sidebar","site-content-layout":"","ast-site-content-layout":"full-width-container","site-content-style":"default","site-sidebar-style":"default","ast-global-header-display":"","ast-banner-title-visibility":"","ast-main-header-display":"","ast-hfb-above-header-display":"","ast-hfb-below-header-display":"","ast-hfb-mobile-header-display":"","site-post-title":"disabled","ast-breadcrumbs-content":"","ast-featured-img":"disabled","footer-sml-layout":"","ast-disable-related-posts":"","theme-transparent-header-meta":"","adv-header-id-meta":"","stick-header-meta":"","header-above-stick-meta":"","header-main-stick-meta":"","header-below-stick-meta":"","astra-migrate-meta-layouts":"default","ast-page-background-enabled":"default","ast-page-background-meta":{"desktop":{"background-color":"var(--ast-global-color-4)","background-image":"","background-repeat":"repeat","background-position":"center center","background-size":"auto","background-attachment":"scroll","background-type":"","background-media":"","overlay-type":"","overlay-color":"","overlay-opacity":"","overlay-gradient":""},"tablet":{"background-color":"","background-image":"","background-repeat":"repeat","background-position":"center center","background-size":"auto","background-attachment":"scroll","background-type":"","background-media":"","overlay-type":"","overlay-color":"","overlay-opacity":"","overlay-gradient":""},"mobile":{"background-color":"","background-image":"","background-repeat":"repeat","background-position":"center center","background-size":"auto","background-attachment":"scroll","background-type":"","background-media":"","overlay-type":"","overlay-color":"","overlay-opacity":"","overlay-gradient":""}},"ast-content-background-meta":{"desktop":{"background-color":"var(--ast-global-color-5)","background-image":"","background-repeat":"repeat","background-position":"center center","background-size":"auto","background-attachment":"scroll","background-type":"","background-media":"","overlay-type":"","overlay-color":"","overlay-opacity":"","overlay-gradient":""},"tablet":{"background-color":"var(--ast-global-color-5)","background-image":"","background-repeat":"repeat","background-position":"center center","background-size":"auto","background-attachment":"scroll","background-type":"","background-media":"","overlay-type":"","overlay-color":"","overlay-opacity":"","overlay-gradient":""},"mobile":{"background-color":"var(--ast-global-color-5)","background-image":"","background-repeat":"repeat","background-position":"center center","background-size":"auto","background-attachment":"scroll","background-type":"","background-media":"","overlay-type":"","overlay-color":"","overlay-opacity":"","overlay-gradient":""}},"footnotes":""},"class_list":["post-36716806029","page","type-page","status-publish","hentry"],"_links":{"self":[{"href":"https:\/\/matkatarjous.com\/index.php?rest_route=\/wp\/v2\/pages\/36716806029","targetHints":{"allow":["GET"]}}],"collection":[{"href":"https:\/\/matkatarjous.com\/index.php?rest_route=\/wp\/v2\/pages"}],"about":[{"href":"https:\/\/matkatarjous.com\/index.php?rest_route=\/wp\/v2\/types\/page"}],"author":[{"embeddable":true,"href":"https:\/\/matkatarjous.com\/index.php?rest_route=\/wp\/v2\/users\/1"}],"replies":[{"embeddable":true,"href":"https:\/\/matkatarjous.com\/index.php?rest_route=%2Fwp%2Fv2%2Fcomments&post=36716806029"}],"version-history":[{"count":0,"href":"https:\/\/matkatarjous.com\/index.php?rest_route=\/wp\/v2\/pages\/36716806029\/revisions"}],"wp:attachment":[{"href":"https:\/\/matkatarjous.com\/index.php?rest_route=%2Fwp%2Fv2%2Fmedia&parent=36716806029"}],"curies":[{"name":"wp","href":"https:\/\/api.w.org\/{rel}","templated":true}]}}