{"id":8616,"date":"2026-04-24T10:57:04","date_gmt":"2026-04-24T10:57:04","guid":{"rendered":"https:\/\/matkatarjous.com\/?page_id=8616"},"modified":"2026-04-24T17:55:27","modified_gmt":"2026-04-24T14:55:27","slug":"matkatarjous-2","status":"publish","type":"page","link":"https:\/\/matkatarjous.com\/","title":{"rendered":"Matkatarjous"},"content":{"rendered":"\t\t<div data-elementor-type=\"wp-page\" data-elementor-id=\"8616\" class=\"elementor elementor-8616\">\n\t\t\t\t<div class=\"elementor-element elementor-element-678f2b6 e-flex e-con-boxed e-con e-parent\" data-id=\"678f2b6\" data-element_type=\"container\" data-e-type=\"container\">\n\t\t\t\t\t<div class=\"e-con-inner\">\n\t\t\t\t<div class=\"elementor-element elementor-element-8548908 elementor-widget elementor-widget-heading\" data-id=\"8548908\" data-element_type=\"widget\" data-e-type=\"widget\" data-widget_type=\"heading.default\">\n\t\t\t\t\t<h1 class=\"elementor-heading-title elementor-size-default\">Matkat netist\u00e4<\/h1>\t\t\t\t<\/div>\n\t\t\t\t<div class=\"elementor-element elementor-element-e465f3e elementor-widget elementor-widget-text-editor\" data-id=\"e465f3e\" data-element_type=\"widget\" data-e-type=\"widget\" data-widget_type=\"text-editor.default\">\n\t\t\t\t\t\t\t\t\t<p><strong>Matkatarjoukset, hotellit, lennot, m\u00f6kit, autot sek\u00e4 muita palveluja matkan suunnitteluun.<\/strong><\/p>\t\t\t\t\t\t\t\t<\/div>\n\t\t\t\t<div class=\"elementor-element elementor-element-43cfc9f elementor-widget elementor-widget-heading\" data-id=\"43cfc9f\" data-element_type=\"widget\" data-e-type=\"widget\" data-widget_type=\"heading.default\">\n\t\t\t\t\t<h2 class=\"elementor-heading-title elementor-size-default\">M\u00f6kkilomalle Suomeen<\/h2>\t\t\t\t<\/div>\n\t\t\t\t<div class=\"elementor-element elementor-element-4151086 elementor-widget elementor-widget-shortcode\" data-id=\"4151086\" data-element_type=\"widget\" data-e-type=\"widget\" data-widget_type=\"shortcode.default\">\n\t\t\t\t\t\t\t<div class=\"elementor-shortcode\"><div  class=\"dgwt-wcas-search-wrapp dgwt-wcas-has-submit woocommerce dgwt-wcas-style-pirx js-dgwt-wcas-layout-classic dgwt-wcas-layout-classic js-dgwt-wcas-mobile-overlay-enabled\">\n\t\t<form class=\"dgwt-wcas-search-form\" role=\"search\" action=\"https:\/\/matkatarjous.com\/\" method=\"get\">\n\t\t<div class=\"dgwt-wcas-sf-wrapp\">\n\t\t\t\t\t\t<label class=\"screen-reader-text\"\n\t\t\t\tfor=\"dgwt-wcas-search-input-1\">\n\t\t\t\tProducts search\t\t\t<\/label>\n\n\t\t\t<input\n\t\t\t\tid=\"dgwt-wcas-search-input-1\"\n\t\t\t\ttype=\"search\"\n\t\t\t\tclass=\"dgwt-wcas-search-input\"\n\t\t\t\tname=\"s\"\n\t\t\t\tvalue=\"\"\n\t\t\t\tplaceholder=\"Etsi majoitusta...\"\n\t\t\t\tautocomplete=\"off\"\n\t\t\t\t\t\t\t\/>\n\t\t\t<div class=\"dgwt-wcas-preloader\"><\/div>\n\n\t\t\t<div class=\"dgwt-wcas-voice-search\"><\/div>\n\n\t\t\t\t\t\t\t<button type=\"submit\"\n\t\t\t\t\t\taria-label=\"Search\"\n\t\t\t\t\t\tclass=\"dgwt-wcas-search-submit\">\t\t\t\t<svg\n\t\t\t\t\tclass=\"dgwt-wcas-ico-magnifier\" xmlns=\"http:\/\/www.w3.org\/2000\/svg\" width=\"18\" height=\"18\" viewBox=\"0 0 18 18\">\n\t\t\t\t\t<path  d=\" M 16.722523,17.901412 C 16.572585,17.825208 15.36088,16.670476 14.029846,15.33534 L 11.609782,12.907819 11.01926,13.29667 C 8.7613237,14.783493 5.6172703,14.768302 3.332423,13.259528 -0.07366363,11.010358 -1.0146502,6.5989684 1.1898146,3.2148776\n\t\t\t\t\t1.5505179,2.6611594 2.4056498,1.7447266 2.9644271,1.3130497 3.4423015,0.94387379 4.3921825,0.48568469 5.1732652,0.2475835 5.886299,0.03022609 6.1341883,0 7.2037391,0 8.2732897,0 8.521179,0.03022609 9.234213,0.2475835 c 0.781083,0.23810119 1.730962,0.69629029 2.208837,1.0654662\n\t\t\t\t\t0.532501,0.4113763 1.39922,1.3400096 1.760153,1.8858877 1.520655,2.2998531 1.599025,5.3023778 0.199549,7.6451086 -0.208076,0.348322 -0.393306,0.668209 -0.411622,0.710863 -0.01831,0.04265 1.065556,1.18264 2.408603,2.533307 1.343046,1.350666 2.486621,2.574792 2.541278,2.720279 0.282475,0.7519\n\t\t\t\t\t-0.503089,1.456506 -1.218488,1.092917 z M 8.4027892,12.475062 C 9.434946,12.25579 10.131043,11.855461 10.99416,10.984753 11.554519,10.419467 11.842507,10.042366 12.062078,9.5863882 12.794223,8.0659672 12.793657,6.2652398 12.060578,4.756293 11.680383,3.9737304 10.453587,2.7178427\n\t\t\t\t\t9.730569,2.3710306 8.6921295,1.8729196 8.3992147,1.807606 7.2037567,1.807606 6.0082984,1.807606 5.7153841,1.87292 4.6769446,2.3710306 3.9539263,2.7178427 2.7271301,3.9737304 2.3469352,4.756293 1.6138384,6.2652398 1.6132726,8.0659672 2.3454252,9.5863882 c 0.4167354,0.8654208 1.5978784,2.0575608\n\t\t\t\t\t2.4443766,2.4671358 1.0971012,0.530827 2.3890403,0.681561 3.6130134,0.421538 z\n\t\t\t\t\t\"\/>\n\t\t\t\t<\/svg>\n\t\t\t\t<\/button>\n\t\t\t\n\t\t\t<input type=\"hidden\" name=\"post_type\" value=\"product\"\/>\n\t\t\t<input type=\"hidden\" name=\"dgwt_wcas\" value=\"1\"\/>\n\n\t\t\t\n\t\t\t\t\t<\/div>\n\t<\/form>\n<\/div>\n<\/div>\n\t\t\t\t\t\t<\/div>\n\t\t\t\t<div class=\"elementor-element elementor-element-a46d334 elementor-widget elementor-widget-spacer\" data-id=\"a46d334\" data-element_type=\"widget\" data-e-type=\"widget\" data-widget_type=\"spacer.default\">\n\t\t\t\t\t\t\t<div class=\"elementor-spacer\">\n\t\t\t<div class=\"elementor-spacer-inner\"><\/div>\n\t\t<\/div>\n\t\t\t\t\t\t<\/div>\n\t\t\t\t<div class=\"elementor-element elementor-element-4c00bb5 elementor-widget elementor-widget-image\" data-id=\"4c00bb5\" data-element_type=\"widget\" data-e-type=\"widget\" data-widget_type=\"image.default\">\n\t\t\t\t\t\t\t\t\t\t\t\t\t\t\t\t<a href=\"https:\/\/dot.omenahotels.com\/t\/t?a=2003221545&#038;as=1162598615&#038;t=2&#038;tk=1\" rel=\"nofollow noopener\" target=\"_blank\">\n\t\t\t\t\t\t\t<img decoding=\"async\" src=\"https:\/\/track.adtraction.com\/t\/t?a=2003221545&#038;as=1162598615&#038;t=1&#038;tk=1&#038;i=1\" title=\"\" alt=\"\" loading=\"lazy\">\t\t\t\t\t\t\t\t<\/a>\n\t\t\t\t\t\t\t\t\t\t\t\t\t\t\t<\/div>\n\t\t\t\t<div class=\"elementor-element elementor-element-a9eb969 elementor-widget elementor-widget-spacer\" data-id=\"a9eb969\" data-element_type=\"widget\" data-e-type=\"widget\" data-widget_type=\"spacer.default\">\n\t\t\t\t\t\t\t<div class=\"elementor-spacer\">\n\t\t\t<div class=\"elementor-spacer-inner\"><\/div>\n\t\t<\/div>\n\t\t\t\t\t\t<\/div>\n\t\t\t\t\t<\/div>\n\t\t\t\t<\/div>\n\t\t<div class=\"elementor-element elementor-element-22e515a e-flex e-con-boxed e-con e-parent\" data-id=\"22e515a\" data-element_type=\"container\" data-e-type=\"container\">\n\t\t\t\t\t<div class=\"e-con-inner\">\n\t\t\t\t<div class=\"elementor-element elementor-element-0ad1635 elementor-widget elementor-widget-heading\" data-id=\"0ad1635\" data-element_type=\"widget\" data-e-type=\"widget\" data-widget_type=\"heading.default\">\n\t\t\t\t\t<h2 class=\"elementor-heading-title elementor-size-default\">Matkanj\u00e4rjest\u00e4ji\u00e4 ja palveluja<\/h2>\t\t\t\t<\/div>\n\t\t\t\t\t<\/div>\n\t\t\t\t<\/div>\n\t\t<div class=\"elementor-element elementor-element-4f8d859 e-flex e-con-boxed e-con e-parent\" data-id=\"4f8d859\" data-element_type=\"container\" data-e-type=\"container\">\n\t\t\t\t\t<div class=\"e-con-inner\">\n\t\t\t\t\t\t\t<h2 \n\t\tdata-interaction-id=\"083adcb\" \n\t\tclass=\"e-083adcb-2739466 e-heading-base\" \n\t\t \n\t\t\n\t>\n\t\n\t\t\tMatkap\u00f6rssi\n\t\t<\/h2>\n\t\t\t\t<div class=\"elementor-element elementor-element-351504c elementor-widget elementor-widget-text-editor\" data-id=\"351504c\" data-element_type=\"widget\" data-e-type=\"widget\" data-widget_type=\"text-editor.default\">\n\t\t\t\t\t\t\t\t\t<p>Matkap\u00f6rssi on suomalainen matkatoimisto, joka tarjoaa lentoja, hotelleita, \u00e4kkil\u00e4ht\u00f6j\u00e4 ja pakettimatkoja lukuisiin kohteisiin ymp\u00e4ri maailmaa.<\/p><h4>Miksi Matkap\u00f6rssi?<\/h4><ul><li>Erinomainen asiakastyytyv\u00e4isyys<\/li><li>Kaikki maksutavat, voit maksaa lennot ja hotellin my\u00f6s j\u00e4lkik\u00e4teen laskulla tai osamaksulla 3-36 er\u00e4ss\u00e4.<\/li><li>Tarjonta perustuu reittilentoihin = joka paikkaan p\u00e4\u00e4see ja l\u00e4hes milloin vain. Voit my\u00f6s viipy\u00e4 niin kauan kuin haluat \u2013 reittilentoja on useisiin kohteisiin p\u00e4ivitt\u00e4in.<\/li><li>Satojen lentoyhti\u00f6iden tarjonta my\u00f6s halpalentoyhti\u00f6it\u00e4 kuten Pegasus<\/li><li>150 kohdetta suorilla lennoilla Helsingist\u00e4 (ja useita muilta Suomen lentokentilt\u00e4) ja yli 400.000 hotellia\u00a0 maailmalta.<\/li><li>Varaa samalla kertaa my\u00f6s matkatavarat, lentoateriat, istumapaikat, nettiyhteys, lounge-palvelut \u2013 maksat vain siit\u00e4 mit\u00e4 tarvitset<br \/>selaa huoletta \u2013 meill\u00e4 hinnat eiv\u00e4t nouse katselukertojen mukaan (ole kuitenkin nopea, hinnat nousevat lentojen t\u00e4yttymisen my\u00f6t\u00e4)<\/li><li>Vakavaraisena ja suomalaisena toimijana Matkap\u00f6rssi on luotettava valinta kaikkiin matkavarauksiisi.<\/li><\/ul>\t\t\t\t\t\t\t\t<\/div>\n\t\t\t\t\t    \t            <a href=\"https:\/\/at.matkaporssi.fi\/t\/t?a=1828803424&amp;as=1162598615&amp;t=2&amp;tk=1\" target=\"_self\" class=\"e-6982e38-1f4014b e-button-base\" data-interaction-id=\"6982e38\" rel=\"nofollow noopener\">\n            Siirry Matkap\u00f6ssin sivuille &gt;&gt;\n        <\/a>\n    \t\t\t\t\t<\/div>\n\t\t\t\t<\/div>\n\t\t<div class=\"elementor-element elementor-element-0d003b9 e-flex e-con-boxed e-con e-parent\" data-id=\"0d003b9\" data-element_type=\"container\" data-e-type=\"container\">\n\t\t\t\t\t<div class=\"e-con-inner\">\n\t\t\t\t\t\t\t<h2 \n\t\tdata-interaction-id=\"8adeaaa\" \n\t\tclass=\"e-8adeaaa-0d8745c e-heading-base\" \n\t\t \n\t\t\n\t>\n\t\n\t\t\tMatkapojat\n\t\t<\/h2>\n\t\t\t\t<div class=\"elementor-element elementor-element-fc20db0 elementor-widget elementor-widget-text-editor\" data-id=\"fc20db0\" data-element_type=\"widget\" data-e-type=\"widget\" data-widget_type=\"text-editor.default\">\n\t\t\t\t\t\t\t\t\t<p>Matkapojat Oy on suomalainen matkanj\u00e4rjest\u00e4j\u00e4, joka palvelee kaikissa matka-asioissasi ammattitaidolla ja yli 40 vuoden kokemuksella.<\/p><p>Matkapojat on Suomen suurin laiva- ja l\u00e4hialuematkojen myyj\u00e4 ja matkanj\u00e4rjest\u00e4j\u00e4. Matkapojat vie vuosittain satoja tuhansia tyytyv\u00e4isi\u00e4 vapaa-ajan ja ryhm\u00e4matkailun matkustajia kaikkialle maailmaan. Laajan laiva- ja lentotuotantonsa ohella yritys on kasvanut merkitt\u00e4v\u00e4ksi r\u00e4\u00e4t\u00e4l\u00f6ityjen tapahtumamatkojen erityisosaajaksi. L\u00e4hialuematkailun edell\u00e4k\u00e4vij\u00e4n\u00e4 ja yhdess\u00e4 t\u00e4rkeiden yhteisty\u00f6kumppaneiden kanssa, Matkapojat tarjoaa asiakkailleen parhaita matkailun el\u00e4myksi\u00e4 ja etuja &#8211; olipa matkakohde kotimaassa tai ulkomailla, l\u00e4hell\u00e4 tai kaukana, laivalla tai lent\u00e4en, yksin tai ryhm\u00e4ss\u00e4.<\/p><p><strong>Yhdess\u00e4 tunnettujen yhteisty\u00f6kumppaneiden kanssa<\/strong><br \/>Matkapojat on Viking Linen ja Tallink Siljan suurin matkanj\u00e4rjest\u00e4j\u00e4 Suomessa. Laivayhti\u00f6iden ohella t\u00e4rkeisiin yhteisty\u00f6kumppaneihin kuuluu lukuisa joukko liikenn\u00f6itsij\u00f6it\u00e4, majoitusalan yrityksi\u00e4, lentoyhti\u00f6it\u00e4 ja matkanj\u00e4rjest\u00e4ji\u00e4.<\/p>\t\t\t\t\t\t\t\t<\/div>\n\t\t\t\t\t    \t            <a href=\"https:\/\/do.matkapojat.fi\/t\/t?a=1727512739&amp;as=1162598615&amp;t=2&amp;tk=1\" target=\"_self\" class=\"e-6a70bea-93ef80a e-button-base\" data-interaction-id=\"6a70bea\" rel=\"nofollow noopener\">\n            Siirry Matkapoikien sivuille &gt;&gt;\n        <\/a>\n    \t\t\t\t\t<\/div>\n\t\t\t\t<\/div>\n\t\t<div class=\"elementor-element elementor-element-6c55125 e-flex e-con-boxed e-con e-parent\" data-id=\"6c55125\" data-element_type=\"container\" data-e-type=\"container\">\n\t\t\t\t\t<div class=\"e-con-inner\">\n\t\t\t\t<div class=\"elementor-element elementor-element-f9de131 elementor-widget elementor-widget-image\" data-id=\"f9de131\" data-element_type=\"widget\" data-e-type=\"widget\" data-widget_type=\"image.default\">\n\t\t\t\t\t\t\t\t\t\t\t\t\t\t\t\t<a href=\"https:\/\/do.matkapojat.fi\/t\/t?a=1749275885&#038;as=1162598615&#038;t=2&#038;tk=1\" rel=\"nofollow noopener\" target=\"_blank\">\n\t\t\t\t\t\t\t<img decoding=\"async\" src=\"https:\/\/track.adtraction.com\/t\/t?a=1749275885&#038;as=1162598615&#038;t=1&#038;tk=1&#038;i=1\" title=\"\" alt=\"\" loading=\"lazy\">\t\t\t\t\t\t\t\t<\/a>\n\t\t\t\t\t\t\t\t\t\t\t\t\t\t\t<\/div>\n\t\t\t\t\t<\/div>\n\t\t\t\t<\/div>\n\t\t<div class=\"elementor-element elementor-element-a5f0985 e-flex e-con-boxed e-con e-parent\" data-id=\"a5f0985\" data-element_type=\"container\" data-e-type=\"container\">\n\t\t\t\t\t<div class=\"e-con-inner\">\n\t\t\t\t\t\t\t<h2 \n\t\tdata-interaction-id=\"843f72a\" \n\t\tclass=\"e-843f72a-97676a5 e-heading-base\" \n\t\t \n\t\t\n\t>\n\t\n\t\t\tIkaalisten Kylpyl\u00e4\n\t\t<\/h2>\n\t\t\t\t<div class=\"elementor-element elementor-element-67b0cd1 elementor-widget elementor-widget-text-editor\" data-id=\"67b0cd1\" data-element_type=\"widget\" data-e-type=\"widget\" data-widget_type=\"text-editor.default\">\n\t\t\t\t\t\t\t\t\t<p>Ikaalinen Spa &amp; Resort on Suomen monipuolisin kylpyl\u00e4hotelli, josta l\u00f6ytyy kylpyl\u00e4hotellin ja ravintoloiden lis\u00e4ksi vuoden ymp\u00e4ri aktiviteetteja sek\u00e4 tapahtumakalenteri t\u00e4ynn\u00e4 keikkoja ja tansseja.<\/p>\t\t\t\t\t\t\t\t<\/div>\n\t\t\t\t\t    \t            <a href=\"https:\/\/to.ikaalinenspa.fi\/t\/t?a=1916711353&amp;as=1162598615&amp;t=2&amp;tk=1\" target=\"_self\" class=\"e-7b6a74e-bf158b5 e-button-base\" data-interaction-id=\"7b6a74e\" rel=\"nofollow noopener\">\n            Siirry Ikaalisten Kylpyl\u00e4n sivuille &gt;&gt;\n        <\/a>\n    \t\t\t\t\t<\/div>\n\t\t\t\t<\/div>\n\t\t<div class=\"elementor-element elementor-element-164fbf8 e-flex e-con-boxed e-con e-parent\" data-id=\"164fbf8\" data-element_type=\"container\" data-e-type=\"container\">\n\t\t\t\t\t<div class=\"e-con-inner\">\n\t\t\t\t\t\t\t<h2 \n\t\tdata-interaction-id=\"5950a12\" \n\t\tclass=\"e-5950a12-a4ec269 e-heading-base\" \n\t\t \n\t\t\n\t>\n\t\n\t\t\tLomarengas\n\t\t<\/h2>\n\t\t\t\t<div class=\"elementor-element elementor-element-f444d26 elementor-widget elementor-widget-text-editor\" data-id=\"f444d26\" data-element_type=\"widget\" data-e-type=\"widget\" data-widget_type=\"text-editor.default\">\n\t\t\t\t\t\t\t\t\t<p>Lomarengas -konserni on Suomen kokenein m\u00f6kkivuokraaja ja markkinajohtaja. Tarjolla on ylivoimaisesti Suomen suurin valikoima m\u00f6kkej\u00e4: yli 4400. Rantam\u00f6keist\u00e4 hiihtom\u00f6kkeihin ja luksusm\u00f6keist\u00e4 er\u00e4henkisiin asumuksiin.<\/p><p>Lomarengas on tunnettu laadukkaista m\u00f6keist\u00e4 ja hyv\u00e4st\u00e4 palvelusta. M\u00f6kkien vuokraus onnistuu k\u00e4tev\u00e4sti verkossa<\/p>\t\t\t\t\t\t\t\t<\/div>\n\t\t\t\t\t    \t            <a href=\"https:\/\/on.lomarengas.fi\/t\/t?a=1071150667&amp;as=1162598615&amp;t=2&amp;tk=1\" target=\"_self\" class=\"e-dd50317-5501711 e-button-base\" data-interaction-id=\"dd50317\" rel=\"nofollow noopener\">\n            Siirry Lomarenkaan sivuille &gt;&gt;\n        <\/a>\n    \t\t\t\t\t<\/div>\n\t\t\t\t<\/div>\n\t\t<div class=\"elementor-element elementor-element-0d08347 e-flex e-con-boxed e-con e-parent\" data-id=\"0d08347\" data-element_type=\"container\" data-e-type=\"container\">\n\t\t\t\t\t<div class=\"e-con-inner\">\n\t\t\t\t\t\t\t<h2 \n\t\tdata-interaction-id=\"5002f94\" \n\t\tclass=\"e-5002f94-924ab77 e-heading-base\" \n\t\t \n\t\t\n\t>\n\t\n\t\t\tSembo\n\t\t<\/h2>\n\t\t\t\t<div class=\"elementor-element elementor-element-daf3105 elementor-widget elementor-widget-text-editor\" data-id=\"daf3105\" data-element_type=\"widget\" data-e-type=\"widget\" data-widget_type=\"text-editor.default\">\n\t\t\t\t\t\t\t\t\t<p>Sembo on ruotsalainen matkailualusta, joka auttaa sinua varaamaan koko matkan yhdest\u00e4 paikasta, yhdist\u00e4m\u00e4\u00e4n kohteet, hotellit, lennot, lautat, autonvuokrauksen ja el\u00e4mykset juuri niin kuin haluat. Teemme siit\u00e4 yksinkertaista ja joustavaa.<\/p><h4>Miksi Sembo<\/h4><ul><li>Yli 600 000 majoitusta ymp\u00e4ri maailmaa<\/li><li>Lennot, vuokra-autot ja lautat \u2013 kaikki varataan samasta paikasta<\/li><li>300 000+ aktiviteettia lis\u00e4tt\u00e4v\u00e4ksi matkaasi<\/li><li>Maksimaalinen joustavuus \u2013 muuta p\u00e4iv\u00e4m\u00e4\u00e4ri\u00e4, lis\u00e4\u00e4 \u00f6it\u00e4 tai uusia pys\u00e4hdyksi\u00e4<\/li><li>K\u00e4ytt\u00e4j\u00e4yst\u00e4v\u00e4llinen k\u00e4ytt\u00f6liittym\u00e4 ja saumaton varauskokemus<\/li><li>Keskittyminen ainutlaatuisiin kohteisiin ja yhdistelm\u00e4matkoihin<\/li><\/ul><p>Sembo sopii niin lapsiperheille, pariskunnille kuin yksin matkustaville, jotka haluavat varata turvallisesti mutta matkustaa vapaasti.\u00a0<\/p>\t\t\t\t\t\t\t\t<\/div>\n\t\t\t\t\t    \t            <a href=\"https:\/\/do.sembo.fi\/t\/t?a=1970764009&amp;as=1162598615&amp;t=2&amp;tk=1\" target=\"_self\" class=\"e-ccb3b18-1e3ce05 e-button-base\" data-interaction-id=\"ccb3b18\" rel=\"nofollow noopener\">\n            Siirry Sembon sivuille &gt;&gt;\n        <\/a>\n    \t\t\t\t\t<\/div>\n\t\t\t\t<\/div>\n\t\t<div class=\"elementor-element elementor-element-5633a03 e-flex e-con-boxed e-con e-parent\" data-id=\"5633a03\" data-element_type=\"container\" data-e-type=\"container\">\n\t\t\t\t\t<div class=\"e-con-inner\">\n\t\t\t\t\t<\/div>\n\t\t\t\t<\/div>\n\t\t<div class=\"elementor-element elementor-element-b1b8e2a e-flex e-con-boxed e-con e-parent\" data-id=\"b1b8e2a\" data-element_type=\"container\" data-e-type=\"container\">\n\t\t\t\t\t<div class=\"e-con-inner\">\n\t\t\t\t\t<\/div>\n\t\t\t\t<\/div>\n\t\t<div class=\"elementor-element elementor-element-ce3da61 e-flex e-con-boxed e-con e-parent\" data-id=\"ce3da61\" data-element_type=\"container\" data-e-type=\"container\">\n\t\t\t\t\t<div class=\"e-con-inner\">\n\t\t\t\t\t<\/div>\n\t\t\t\t<\/div>\n\t\t\t\t<\/div>\n\t\t","protected":false},"excerpt":{"rendered":"<p>Matkat netist\u00e4 Matkatarjoukset, hotellit, lennot, m\u00f6kit, autot sek\u00e4 muita palveluja matkan suunnitteluun. M\u00f6kkilomalle Suomeen Matkanj\u00e4rjest\u00e4ji\u00e4 ja palveluja Matkap\u00f6rssi Matkap\u00f6rssi on [&hellip;]<\/p>\n","protected":false},"author":1,"featured_media":0,"parent":0,"menu_order":0,"comment_status":"closed","ping_status":"closed","template":"","meta":{"site-sidebar-layout":"no-sidebar","site-content-layout":"","ast-site-content-layout":"full-width-container","site-content-style":"default","site-sidebar-style":"default","ast-global-header-display":"","ast-banner-title-visibility":"","ast-main-header-display":"","ast-hfb-above-header-display":"","ast-hfb-below-header-display":"","ast-hfb-mobile-header-display":"","site-post-title":"disabled","ast-breadcrumbs-content":"","ast-featured-img":"disabled","footer-sml-layout":"","ast-disable-related-posts":"","theme-transparent-header-meta":"","adv-header-id-meta":"","stick-header-meta":"","header-above-stick-meta":"","header-main-stick-meta":"","header-below-stick-meta":"","astra-migrate-meta-layouts":"default","ast-page-background-enabled":"default","ast-page-background-meta":{"desktop":{"background-color":"var(--ast-global-color-5)","background-image":"","background-repeat":"repeat","background-position":"center center","background-size":"auto","background-attachment":"scroll","background-type":"","background-media":"","overlay-type":"","overlay-color":"","overlay-opacity":"","overlay-gradient":""},"tablet":{"background-color":"","background-image":"","background-repeat":"repeat","background-position":"center center","background-size":"auto","background-attachment":"scroll","background-type":"","background-media":"","overlay-type":"","overlay-color":"","overlay-opacity":"","overlay-gradient":""},"mobile":{"background-color":"","background-image":"","background-repeat":"repeat","background-position":"center center","background-size":"auto","background-attachment":"scroll","background-type":"","background-media":"","overlay-type":"","overlay-color":"","overlay-opacity":"","overlay-gradient":""}},"ast-content-background-meta":{"desktop":{"background-color":"var(--ast-global-color-4)","background-image":"","background-repeat":"repeat","background-position":"center center","background-size":"auto","background-attachment":"scroll","background-type":"","background-media":"","overlay-type":"","overlay-color":"","overlay-opacity":"","overlay-gradient":""},"tablet":{"background-color":"var(--ast-global-color-4)","background-image":"","background-repeat":"repeat","background-position":"center center","background-size":"auto","background-attachment":"scroll","background-type":"","background-media":"","overlay-type":"","overlay-color":"","overlay-opacity":"","overlay-gradient":""},"mobile":{"background-color":"var(--ast-global-color-4)","background-image":"","background-repeat":"repeat","background-position":"center center","background-size":"auto","background-attachment":"scroll","background-type":"","background-media":"","overlay-type":"","overlay-color":"","overlay-opacity":"","overlay-gradient":""}},"footnotes":""},"class_list":["post-8616","page","type-page","status-publish","hentry"],"_links":{"self":[{"href":"https:\/\/matkatarjous.com\/index.php?rest_route=\/wp\/v2\/pages\/8616","targetHints":{"allow":["GET"]}}],"collection":[{"href":"https:\/\/matkatarjous.com\/index.php?rest_route=\/wp\/v2\/pages"}],"about":[{"href":"https:\/\/matkatarjous.com\/index.php?rest_route=\/wp\/v2\/types\/page"}],"author":[{"embeddable":true,"href":"https:\/\/matkatarjous.com\/index.php?rest_route=\/wp\/v2\/users\/1"}],"replies":[{"embeddable":true,"href":"https:\/\/matkatarjous.com\/index.php?rest_route=%2Fwp%2Fv2%2Fcomments&post=8616"}],"version-history":[{"count":0,"href":"https:\/\/matkatarjous.com\/index.php?rest_route=\/wp\/v2\/pages\/8616\/revisions"}],"wp:attachment":[{"href":"https:\/\/matkatarjous.com\/index.php?rest_route=%2Fwp%2Fv2%2Fmedia&parent=8616"}],"curies":[{"name":"wp","href":"https:\/\/api.w.org\/{rel}","templated":true}]}}